{"id":14,"date":"2016-01-25T15:11:13","date_gmt":"2016-01-25T14:11:13","guid":{"rendered":"http:\/\/jurataxi.com\/jurataxi\/?page_id=14"},"modified":"2016-01-25T17:00:43","modified_gmt":"2016-01-25T16:00:43","slug":"contact","status":"publish","type":"page","link":"http:\/\/jurataxi.com\/jurataxi\/contact\/","title":{"rendered":"Contact"},"content":{"rendered":"<h3>CONTACT :<\/h3>\n<p><a href=\"http:\/\/jurataxi.com\/jurataxi\/wp-content\/uploads\/2016\/01\/logo_alex_taxi.png\" rel=\"attachment wp-att-4\"><img loading=\"lazy\" class=\"alignnone size-medium wp-image-4\" src=\"http:\/\/jurataxi.com\/jurataxi\/wp-content\/uploads\/2016\/01\/logo_alex_taxi-300x103.png\" alt=\"logo_alex_taxi\" width=\"300\" height=\"103\" srcset=\"http:\/\/jurataxi.com\/jurataxi\/wp-content\/uploads\/2016\/01\/logo_alex_taxi-300x103.png 300w, http:\/\/jurataxi.com\/jurataxi\/wp-content\/uploads\/2016\/01\/logo_alex_taxi.png 520w\" sizes=\"(max-width: 300px) 100vw, 300px\" \/><\/a><\/p>\n<p>Taxis et transports assis professionnalis\u00e9s <strong>ALEX TAXI &#8211; <\/strong>Christophe DALLOZ<br \/>\n61 rue du pr\u00e9 &#8211; 39200 SAINT-CLAUDE &#8211; Jura<\/p>\n<p>E-mail : <a href=\"mailto:info@jurataxi.com\" target=\"_blank\">info@jurataxi.com<\/a><br \/>\nT\u00e9l: <strong>+33 (0)3 84 45 54 01<\/strong><br \/>\nPort. : <strong>+33 (0)6 84 77 30 52<\/strong><\/p>\n<p><strong>Pour nous contacter directement, veuillez remplir les champs, ci-dessous, avec vos informations personnelles :<\/strong><\/p>\n<div role=\"form\" class=\"wpcf7\" id=\"wpcf7-f32-o1\" lang=\"fr-FR\" dir=\"ltr\">\n<div class=\"screen-reader-response\" role=\"alert\" aria-live=\"polite\"><\/div>\n<form action=\"\/jurataxi\/wp-json\/wp\/v2\/pages\/14#wpcf7-f32-o1\" method=\"post\" class=\"wpcf7-form init\" novalidate=\"novalidate\">\n<div style=\"display: none;\">\n<input type=\"hidden\" name=\"_wpcf7\" value=\"32\" \/>\n<input type=\"hidden\" name=\"_wpcf7_version\" value=\"5.2.2\" \/>\n<input type=\"hidden\" name=\"_wpcf7_locale\" value=\"fr_FR\" \/>\n<input type=\"hidden\" name=\"_wpcf7_unit_tag\" value=\"wpcf7-f32-o1\" \/>\n<input type=\"hidden\" name=\"_wpcf7_container_post\" value=\"0\" \/>\n<input type=\"hidden\" name=\"_wpcf7_posted_data_hash\" value=\"\" \/>\n<\/div>\n<p>Votre nom (obligatoire)<br \/>\n    <span class=\"wpcf7-form-control-wrap your-name\"><input type=\"text\" name=\"your-name\" value=\"\" size=\"40\" class=\"wpcf7-form-control wpcf7-text wpcf7-validates-as-required\" aria-required=\"true\" aria-invalid=\"false\" \/><\/span> <\/p>\n<p>Votre email (obligatoire)<br \/>\n    <span class=\"wpcf7-form-control-wrap your-email\"><input type=\"email\" name=\"your-email\" value=\"\" size=\"40\" class=\"wpcf7-form-control wpcf7-text wpcf7-email wpcf7-validates-as-required wpcf7-validates-as-email\" aria-required=\"true\" aria-invalid=\"false\" \/><\/span> <\/p>\n<p>Sujet<br \/>\n    <span class=\"wpcf7-form-control-wrap your-subject\"><input type=\"text\" name=\"your-subject\" value=\"\" size=\"40\" class=\"wpcf7-form-control wpcf7-text\" aria-invalid=\"false\" \/><\/span> <\/p>\n<p>Votre message<br \/>\n    <span class=\"wpcf7-form-control-wrap your-message\"><textarea name=\"your-message\" cols=\"40\" rows=\"10\" class=\"wpcf7-form-control wpcf7-textarea\" aria-invalid=\"false\"><\/textarea><\/span> <\/p>\n<p><input type=\"submit\" value=\"Envoyer\" class=\"wpcf7-form-control wpcf7-submit\" \/><\/p>\n<div class=\"wpcf7-response-output\" role=\"alert\" aria-hidden=\"true\"><\/div><\/form><\/div>\n","protected":false},"excerpt":{"rendered":"<p>CONTACT : Taxis et transports assis professionnalis\u00e9s ALEX TAXI &#8211; Christophe DALLOZ 61 rue du pr\u00e9 &#8211; 39200 SAINT-CLAUDE &#8211; Jura E-mail : info@jurataxi.com T\u00e9l: +33 (0)3 84 45 54 01 Port. : +33 (0)6 84 77 30 52 Pour nous contacter directement, veuillez remplir les champs, ci-dessous, avec vos &#8230;<\/p>\n","protected":false},"author":1,"featured_media":0,"parent":0,"menu_order":0,"comment_status":"closed","ping_status":"closed","template":"","meta":[],"_links":{"self":[{"href":"http:\/\/jurataxi.com\/jurataxi\/wp-json\/wp\/v2\/pages\/14"}],"collection":[{"href":"http:\/\/jurataxi.com\/jurataxi\/wp-json\/wp\/v2\/pages"}],"about":[{"href":"http:\/\/jurataxi.com\/jurataxi\/wp-json\/wp\/v2\/types\/page"}],"author":[{"embeddable":true,"href":"http:\/\/jurataxi.com\/jurataxi\/wp-json\/wp\/v2\/users\/1"}],"replies":[{"embeddable":true,"href":"http:\/\/jurataxi.com\/jurataxi\/wp-json\/wp\/v2\/comments?post=14"}],"version-history":[{"count":4,"href":"http:\/\/jurataxi.com\/jurataxi\/wp-json\/wp\/v2\/pages\/14\/revisions"}],"predecessor-version":[{"id":53,"href":"http:\/\/jurataxi.com\/jurataxi\/wp-json\/wp\/v2\/pages\/14\/revisions\/53"}],"wp:attachment":[{"href":"http:\/\/jurataxi.com\/jurataxi\/wp-json\/wp\/v2\/media?parent=14"}],"curies":[{"name":"wp","href":"https:\/\/api.w.org\/{rel}","templated":true}]}}