{"id":7,"date":"2016-01-25T15:27:41","date_gmt":"2016-01-25T14:27:41","guid":{"rendered":"http:\/\/jurataxi.com\/jurataxi\/?page_id=7"},"modified":"2016-01-25T16:45:31","modified_gmt":"2016-01-25T15:45:31","slug":"accueil","status":"publish","type":"page","link":"http:\/\/jurataxi.com\/jurataxi\/","title":{"rendered":"Accueil"},"content":{"rendered":"<p style=\"text-align: center;\"><strong>Taxis et transports assis professionnalis\u00e9s<\/strong><br \/>\n<strong>ALEX TAXI<\/strong> &#8211; Christophe Dalloz<br \/>\n7\/7 jours &#8211; Toutes distances<br \/>\nVoitures climatis\u00e9es<br \/>\nHospitalisation : Transports malades assis, Maison de repos, Rayons, dialyse (conventionn\u00e9 s\u00e9curit\u00e9 sociale)<\/p>\n<p style=\"text-align: center;\">Scolaires, colis urgents, a\u00e9roports, gares&#8230;<\/p>\n<p style=\"text-align: center;\"><a href=\"http:\/\/jurataxi.com\/jurataxi\/wp-content\/uploads\/2016\/01\/petites-voitures.jpg\" rel=\"attachment wp-att-27\"><img loading=\"lazy\" class=\"alignnone wp-image-27 size-full\" src=\"http:\/\/jurataxi.com\/jurataxi\/wp-content\/uploads\/2016\/01\/petites-voitures.jpg\" alt=\"Alex taxi - Taxis dans le Jura\" width=\"70%\" height=\"70%\" srcset=\"http:\/\/jurataxi.com\/jurataxi\/wp-content\/uploads\/2016\/01\/petites-voitures.jpg 885w, http:\/\/jurataxi.com\/jurataxi\/wp-content\/uploads\/2016\/01\/petites-voitures-269x300.jpg 269w, http:\/\/jurataxi.com\/jurataxi\/wp-content\/uploads\/2016\/01\/petites-voitures-768x857.jpg 768w, http:\/\/jurataxi.com\/jurataxi\/wp-content\/uploads\/2016\/01\/petites-voitures-700x781.jpg 700w\" sizes=\"(max-width: 885px) 100vw, 885px\" \/><\/a><\/p>\n<p>&nbsp;<\/p>\n","protected":false},"excerpt":{"rendered":"<p>Taxis et transports assis professionnalis\u00e9s ALEX TAXI &#8211; Christophe Dalloz 7\/7 jours &#8211; Toutes distances Voitures climatis\u00e9es Hospitalisation : Transports malades assis, Maison de repos, Rayons, dialyse (conventionn\u00e9 s\u00e9curit\u00e9 sociale) Scolaires, colis urgents, a\u00e9roports, gares&#8230; &nbsp;<\/p>\n","protected":false},"author":1,"featured_media":27,"parent":0,"menu_order":0,"comment_status":"closed","ping_status":"closed","template":"","meta":[],"_links":{"self":[{"href":"http:\/\/jurataxi.com\/jurataxi\/wp-json\/wp\/v2\/pages\/7"}],"collection":[{"href":"http:\/\/jurataxi.com\/jurataxi\/wp-json\/wp\/v2\/pages"}],"about":[{"href":"http:\/\/jurataxi.com\/jurataxi\/wp-json\/wp\/v2\/types\/page"}],"author":[{"embeddable":true,"href":"http:\/\/jurataxi.com\/jurataxi\/wp-json\/wp\/v2\/users\/1"}],"replies":[{"embeddable":true,"href":"http:\/\/jurataxi.com\/jurataxi\/wp-json\/wp\/v2\/comments?post=7"}],"version-history":[{"count":12,"href":"http:\/\/jurataxi.com\/jurataxi\/wp-json\/wp\/v2\/pages\/7\/revisions"}],"predecessor-version":[{"id":48,"href":"http:\/\/jurataxi.com\/jurataxi\/wp-json\/wp\/v2\/pages\/7\/revisions\/48"}],"wp:featuredmedia":[{"embeddable":true,"href":"http:\/\/jurataxi.com\/jurataxi\/wp-json\/wp\/v2\/media\/27"}],"wp:attachment":[{"href":"http:\/\/jurataxi.com\/jurataxi\/wp-json\/wp\/v2\/media?parent=7"}],"curies":[{"name":"wp","href":"https:\/\/api.w.org\/{rel}","templated":true}]}}