{"id":8,"date":"2016-01-25T15:10:08","date_gmt":"2016-01-25T14:10:08","guid":{"rendered":"http:\/\/jurataxi.com\/jurataxi\/?page_id=8"},"modified":"2016-01-25T16:17:18","modified_gmt":"2016-01-25T15:17:18","slug":"presentation","status":"publish","type":"page","link":"http:\/\/jurataxi.com\/jurataxi\/presentation\/","title":{"rendered":"Pr\u00e9sentation"},"content":{"rendered":"<p><a href=\"http:\/\/jurataxi.com\/jurataxi\/wp-content\/uploads\/2016\/01\/devanture.jpg\" rel=\"attachment wp-att-34\"><img loading=\"lazy\" class=\"alignleft wp-image-34 size-medium\" src=\"http:\/\/jurataxi.com\/jurataxi\/wp-content\/uploads\/2016\/01\/devanture-258x300.jpg\" alt=\"taxis dans le jura, doubs, haute-saone, ain, suisse\" width=\"258\" height=\"300\" srcset=\"http:\/\/jurataxi.com\/jurataxi\/wp-content\/uploads\/2016\/01\/devanture-258x300.jpg 258w, http:\/\/jurataxi.com\/jurataxi\/wp-content\/uploads\/2016\/01\/devanture-768x892.jpg 768w, http:\/\/jurataxi.com\/jurataxi\/wp-content\/uploads\/2016\/01\/devanture-700x813.jpg 700w, http:\/\/jurataxi.com\/jurataxi\/wp-content\/uploads\/2016\/01\/devanture.jpg 843w\" sizes=\"(max-width: 258px) 100vw, 258px\" \/><\/a><strong>Taxis et transports assis professionnalis\u00e9s <\/strong><\/p>\n<p>ALEX TAXI &#8211; Christophe Dalloz<\/p>\n<p>7\/7 jours<br \/>\nToutes distances<br \/>\nVoitures climatis\u00e9es<br \/>\nHospitalisation : Transports malades assis, Maison de repos, Rayons, dialyse (conventionn\u00e9 s\u00e9curit\u00e9 sociale)<\/p>\n<p>Scolaires, colis urgents, a\u00e9roports, gares&#8230;<\/p>\n","protected":false},"excerpt":{"rendered":"<p>Taxis et transports assis professionnalis\u00e9s ALEX TAXI &#8211; Christophe Dalloz 7\/7 jours Toutes distances Voitures climatis\u00e9es Hospitalisation : Transports malades assis, Maison de repos, Rayons, dialyse (conventionn\u00e9 s\u00e9curit\u00e9 sociale) Scolaires, colis urgents, a\u00e9roports, gares&#8230;<\/p>\n","protected":false},"author":1,"featured_media":0,"parent":0,"menu_order":0,"comment_status":"closed","ping_status":"closed","template":"","meta":[],"_links":{"self":[{"href":"http:\/\/jurataxi.com\/jurataxi\/wp-json\/wp\/v2\/pages\/8"}],"collection":[{"href":"http:\/\/jurataxi.com\/jurataxi\/wp-json\/wp\/v2\/pages"}],"about":[{"href":"http:\/\/jurataxi.com\/jurataxi\/wp-json\/wp\/v2\/types\/page"}],"author":[{"embeddable":true,"href":"http:\/\/jurataxi.com\/jurataxi\/wp-json\/wp\/v2\/users\/1"}],"replies":[{"embeddable":true,"href":"http:\/\/jurataxi.com\/jurataxi\/wp-json\/wp\/v2\/comments?post=8"}],"version-history":[{"count":2,"href":"http:\/\/jurataxi.com\/jurataxi\/wp-json\/wp\/v2\/pages\/8\/revisions"}],"predecessor-version":[{"id":35,"href":"http:\/\/jurataxi.com\/jurataxi\/wp-json\/wp\/v2\/pages\/8\/revisions\/35"}],"wp:attachment":[{"href":"http:\/\/jurataxi.com\/jurataxi\/wp-json\/wp\/v2\/media?parent=8"}],"curies":[{"name":"wp","href":"https:\/\/api.w.org\/{rel}","templated":true}]}}